{"id":48,"date":"2019-05-21T10:54:26","date_gmt":"2019-05-21T07:54:26","guid":{"rendered":"http:\/\/prfarge.com.tr\/?page_id=48"},"modified":"2020-09-28T09:41:25","modified_gmt":"2020-09-28T06:41:25","slug":"iletisim","status":"publish","type":"page","link":"https:\/\/www.prfarge.com.tr\/tr\/iletisim\/","title":{"rendered":"\u0130LET\u0130\u015e\u0130M"},"content":{"rendered":"<div id=\"pl-48\"  class=\"panel-layout\" ><div id=\"pg-48-0\"  class=\"panel-grid panel-no-style\" ><div id=\"pgc-48-0-0\"  class=\"panel-grid-cell\" ><div id=\"panel-48-0-0-0\" class=\"widget_text so-panel widget widget_custom_html panel-first-child panel-last-child\" data-index=\"0\" ><div class=\"textwidget custom-html-widget\"><div class=\"address-items\">\n                            <ul class=\"info\">\n                                <li>\n                                    <h4>Adres<\/h4>\n                                    <div class=\"icon\"><i class=\"fas fa-map-marked-alt fa-2x\"><\/i>   <span> PRF Ar-Ge M\u00fch. San. ve Tic. A.\u015e. <br> Odt\u00fc Teknokent \u00dcniversiteler Mah. \u0130hsan Do\u011framac\u0131 Blv. Silikon Blok No:19\/ ZK-9<br>\u00c7ankaya \/ ANKARA<\/span><\/div> \n                                 \n                                <\/li>\n                             <br>\n                                <li>\n                                    <h4>Telefon<\/h4>\n                                    <div class=\"icon\"><i class=\"fas fa-phone fa-2x\"><\/i> <span> 0312 988 17 73 <\/span><\/div> \n                                    \n                                <\/li>\n\t\t\t\t\t\t\t\t\t\t\t\t\t\t\t<br>\n                                <li>\n                                    <h4>E-posta<\/h4>\n                                    <div class=\"icon\"><i class=\"fas fa-envelope-open fa-2x\"><\/i>    <span> info@prfarge.com.tr<\/span> <\/div>\n                                 \n                                <\/li>\n\t\t\t\t\t\t\t\t\t\t\t\t\t\t\t<br>\n                                <li>\n                                    <h4>Linkedin<\/h4>\n\t\t\t\t\t\t\t\t\t\t\t\t\t\t\t\t\t<div class=\"icon\">\n                                    <a href=\"https:\/\/www.linkedin.com\/company\/prfarge\/\">\n<img loading=\"lazy\" decoding=\"async\" title=\"Linkedin\" src=\"data:image\/svg+xml;base64,PD94bWwgdmVyc2lvbj0iMS4wIiBlbmNvZGluZz0iaXNvLTg4NTktMSI\/Pg0KPCEtLSBHZW5lcmF0b3I6IEFkb2JlIElsbHVzdHJhdG9yIDE5LjAuMCwgU1ZHIEV4cG9ydCBQbHVnLUluIC4gU1ZHIFZlcnNpb246IDYuMDAgQnVpbGQgMCkgIC0tPg0KPHN2ZyB2ZXJzaW9uPSIxLjEiIGlkPSJMYXllcl8xIiB4bWxucz0iaHR0cDovL3d3dy53My5vcmcvMjAwMC9zdmciIHhtbG5zOnhsaW5rPSJodHRwOi8vd3d3LnczLm9yZy8xOTk5L3hsaW5rIiB4PSIwcHgiIHk9IjBweCINCgkgdmlld0JveD0iMCAwIDI5MS4zMTkgMjkxLjMxOSIgc3R5bGU9ImVuYWJsZS1iYWNrZ3JvdW5kOm5ldyAwIDAgMjkxLjMxOSAyOTEuMzE5OyIgeG1sOnNwYWNlPSJwcmVzZXJ2ZSI+DQo8Zz4NCgk8cGF0aCBzdHlsZT0iZmlsbDojMEU3NkE4OyIgZD0iTTE0NS42NTksMGM4MC40NSwwLDE0NS42Niw2NS4yMTksMTQ1LjY2LDE0NS42NnMtNjUuMjEsMTQ1LjY1OS0xNDUuNjYsMTQ1LjY1OVMwLDIyNi4xLDAsMTQ1LjY2DQoJCVM2NS4yMSwwLDE0NS42NTksMHoiLz4NCgk8cGF0aCBzdHlsZT0iZmlsbDojRkZGRkZGOyIgZD0iTTgyLjA3OSwyMDAuMTM2aDI3LjI3NXYtOTAuOTFIODIuMDc5VjIwMC4xMzZ6IE0xODguMzM4LDEwNi4wNzcNCgkJYy0xMy4yMzcsMC0yNS4wODEsNC44MzQtMzMuNDgzLDE1LjUwNHYtMTIuNjU0SDEyNy40OHY5MS4yMWgyNy4zNzV2LTQ5LjMyNGMwLTEwLjQyNCw5LjU1LTIwLjU5MywyMS41MTItMjAuNTkzDQoJCXMxNC45MTIsMTAuMTY5LDE0LjkxMiwyMC4zMzh2NDkuNTdoMjcuMjc1di01MS42QzIxOC41NTMsMTEyLjY4NiwyMDEuNTg0LDEwNi4wNzcsMTg4LjMzOCwxMDYuMDc3eiBNOTUuNTg5LDEwMC4xNDENCgkJYzcuNTM4LDAsMTMuNjU2LTYuMTE4LDEzLjY1Ni0xMy42NTZTMTAzLjEyNyw3Mi44Myw5NS41ODksNzIuODNzLTEzLjY1Niw2LjExOC0xMy42NTYsMTMuNjU2Uzg4LjA1MSwxMDAuMTQxLDk1LjU4OSwxMDAuMTQxeiIvPg0KPC9nPg0KPGc+DQo8L2c+DQo8Zz4NCjwvZz4NCjxnPg0KPC9nPg0KPGc+DQo8L2c+DQo8Zz4NCjwvZz4NCjxnPg0KPC9nPg0KPGc+DQo8L2c+DQo8Zz4NCjwvZz4NCjxnPg0KPC9nPg0KPGc+DQo8L2c+DQo8Zz4NCjwvZz4NCjxnPg0KPC9nPg0KPGc+DQo8L2c+DQo8Zz4NCjwvZz4NCjxnPg0KPC9nPg0KPC9zdmc+DQo=\"  width=\"35\" height=\"35\">\n<\/a> <span>linkedin.com\/company\/prfarge\/ <\/span>\n\t\t\t\t\t\t\t\t\t\t\t\t\t\t\t\t<\/div>\t\t\n                                 \n                                <\/li>\n                            <\/ul>\n                        <\/div>\n<\/div><\/div><\/div><div id=\"pgc-48-0-1\"  class=\"panel-grid-cell\" ><div id=\"panel-48-0-1-0\" class=\"widget_text so-panel widget widget_custom_html panel-first-child panel-last-child\" data-index=\"1\" ><div class=\"textwidget custom-html-widget\"><iframe loading=\"lazy\" src=\"https:\/\/www.google.com\/maps\/embed?pb=!1m14!1m8!1m3!1d12243.366149001842!2d32.773716!3d39.90018!3m2!1i1024!2i768!4f13.1!3m3!1m2!1s0x0%3A0xfa01051accb2f79f!2sPRF+ARGE+A.%C5%9E!5e0!3m2!1str!2str!4v1558425249578!5m2!1str!2str\" width=\"500\" height=\"350\" frameborder=\"0\" style=\"border:0\" allowfullscreen><\/iframe><\/div><\/div><\/div><\/div><\/div>","protected":false},"excerpt":{"rendered":"<p>Adres PRF Ar-Ge M\u00fch. San. ve Tic. A.\u015e. Odt\u00fc Teknokent \u00dcniversiteler Mah. \u0130hsan Do\u011framac\u0131 Blv. Silikon Blok No:19\/ ZK-9\u00c7ankaya \/ ANKARA Telefon 0312 988 17 73 E-posta info@prfarge.com.tr Linkedin linkedin.com\/company\/prfarge\/<\/p>\n","protected":false},"author":1,"featured_media":0,"parent":0,"menu_order":0,"comment_status":"closed","ping_status":"closed","template":"","meta":{"footnotes":""},"class_list":["post-48","page","type-page","status-publish","hentry"],"_links":{"self":[{"href":"https:\/\/www.prfarge.com.tr\/tr\/wp-json\/wp\/v2\/pages\/48"}],"collection":[{"href":"https:\/\/www.prfarge.com.tr\/tr\/wp-json\/wp\/v2\/pages"}],"about":[{"href":"https:\/\/www.prfarge.com.tr\/tr\/wp-json\/wp\/v2\/types\/page"}],"author":[{"embeddable":true,"href":"https:\/\/www.prfarge.com.tr\/tr\/wp-json\/wp\/v2\/users\/1"}],"replies":[{"embeddable":true,"href":"https:\/\/www.prfarge.com.tr\/tr\/wp-json\/wp\/v2\/comments?post=48"}],"version-history":[{"count":20,"href":"https:\/\/www.prfarge.com.tr\/tr\/wp-json\/wp\/v2\/pages\/48\/revisions"}],"predecessor-version":[{"id":177,"href":"https:\/\/www.prfarge.com.tr\/tr\/wp-json\/wp\/v2\/pages\/48\/revisions\/177"}],"wp:attachment":[{"href":"https:\/\/www.prfarge.com.tr\/tr\/wp-json\/wp\/v2\/media?parent=48"}],"curies":[{"name":"wp","href":"https:\/\/api.w.org\/{rel}","templated":true}]}}