{"id":37,"date":"2019-05-21T10:43:54","date_gmt":"2019-05-21T07:43:54","guid":{"rendered":"http:\/\/prfarge.com.tr\/?page_id=37"},"modified":"2019-05-21T10:49:46","modified_gmt":"2019-05-21T07:49:46","slug":"urunler","status":"publish","type":"page","link":"https:\/\/www.prfarge.com.tr\/tr\/urunler\/","title":{"rendered":"\u00dcr\u00fcnler"},"content":{"rendered":"<div id=\"pl-37\"  class=\"panel-layout\" ><div id=\"pg-37-0\"  class=\"panel-grid panel-no-style\" ><div id=\"pgc-37-0-0\"  class=\"panel-grid-cell\" ><div id=\"panel-37-0-0-0\" class=\"so-panel widget widget_sow-editor panel-first-child panel-last-child\" data-index=\"0\" ><div\n\t\t\t\n\t\t\tclass=\"so-widget-sow-editor so-widget-sow-editor-base\"\n\t\t\t\n\t\t>\n<div class=\"siteorigin-widget-tinymce textwidget\">\n\t<p>RF &amp; Mikrodalga \u0130leri Teknoloji AR-GE<\/p>\n<ol>\n<li>Uygulamalara \u00d6zel \u00e7\u00f6z\u00fcmler<\/li>\n<\/ol>\n<p>-Sistem d\u00fczeyinde tasar\u0131mlar;<\/p>\n<p>Altimetre, RF sens\u00f6r, FDA<\/p>\n<p>-Mod\u00fcl tasar\u0131m ve uygulamalar;<\/p>\n<p>Phase shifter, impedance tuner, RF MEMs tunable structures, Low loss combiner<\/p>\n<\/div>\n<\/div><\/div><\/div><div id=\"pgc-37-0-1\"  class=\"panel-grid-cell\" ><div id=\"panel-37-0-1-0\" class=\"so-panel widget widget_sow-image panel-first-child panel-last-child\" data-index=\"1\" ><div\n\t\t\t\n\t\t\tclass=\"so-widget-sow-image so-widget-sow-image-default-c67d20f9f743-37\"\n\t\t\t\n\t\t>\n<div class=\"sow-image-container\">\n\t\t<img \n\tsrc=\"https:\/\/www.prfarge.com.tr\/tr\/wp-content\/uploads\/2019\/05\/radar-dish-63013_960_720.jpg\" width=\"960\" height=\"488\" srcset=\"https:\/\/www.prfarge.com.tr\/tr\/wp-content\/uploads\/2019\/05\/radar-dish-63013_960_720.jpg 960w, https:\/\/www.prfarge.com.tr\/tr\/wp-content\/uploads\/2019\/05\/radar-dish-63013_960_720-300x153.jpg 300w, https:\/\/www.prfarge.com.tr\/tr\/wp-content\/uploads\/2019\/05\/radar-dish-63013_960_720-768x390.jpg 768w\" sizes=\"(max-width: 960px) 100vw, 960px\" alt=\"\" \t\tclass=\"so-widget-image\"\/>\n\t<\/div>\n\n<\/div><\/div><\/div><\/div><div id=\"pg-37-1\"  class=\"panel-grid panel-no-style\" ><div id=\"pgc-37-1-0\"  class=\"panel-grid-cell\" ><div id=\"panel-37-1-0-0\" class=\"so-panel widget widget_sow-editor panel-first-child panel-last-child\" data-index=\"2\" ><div\n\t\t\t\n\t\t\tclass=\"so-widget-sow-editor so-widget-sow-editor-base\"\n\t\t\t\n\t\t>\n<div class=\"siteorigin-widget-tinymce textwidget\">\n\t<ol start=\"2\">\n<li>Y\u00fckselte\u00e7 \u00c7\u00f6z\u00fcmleri<\/li>\n<\/ol>\n<p>-Geni\u015f Bantl\u0131<\/p>\n<p>-Y\u00fcksek G\u00fc\u00e7l\u00fc<\/p>\n<p>-D\u00fc\u015f\u00fck G\u00fcr\u00fclt\u00fcl\u00fc<\/p>\n<\/div>\n<\/div><\/div><\/div><div id=\"pgc-37-1-1\"  class=\"panel-grid-cell\" ><div id=\"panel-37-1-1-0\" class=\"so-panel widget widget_sow-editor panel-first-child panel-last-child\" data-index=\"3\" ><div\n\t\t\t\n\t\t\tclass=\"so-widget-sow-editor so-widget-sow-editor-base\"\n\t\t\t\n\t\t>\n<div class=\"siteorigin-widget-tinymce textwidget\">\n\t<p>3. Anten \u00e7\u00f6z\u00fcmleri<br \/>\n\u0130stenen frekansta yay\u0131n yapabilen antenler<\/p>\n<p>4.Uydu uygulamalar\u0131nda waveguide tabanl\u0131 \u00e7\u00f6z\u00fcmler<\/p>\n<p>5.\u0130leri Teknoloji vacuum tube \u00e7\u00f6z\u00fcmleri<\/p>\n<\/div>\n<\/div><\/div><\/div><\/div><\/div>","protected":false},"excerpt":{"rendered":"<p>RF &amp; Mikrodalga \u0130leri Teknoloji AR-GE Uygulamalara \u00d6zel \u00e7\u00f6z\u00fcmler -Sistem d\u00fczeyinde tasar\u0131mlar; Altimetre, RF sens\u00f6r, FDA -Mod\u00fcl tasar\u0131m ve uygulamalar; Phase shifter, impedance tuner, RF MEMs tunable structures, Low loss combiner Y\u00fckselte\u00e7 \u00c7\u00f6z\u00fcmleri -Geni\u015f Bantl\u0131 -Y\u00fcksek G\u00fc\u00e7l\u00fc -D\u00fc\u015f\u00fck G\u00fcr\u00fclt\u00fcl\u00fc 3. Anten \u00e7\u00f6z\u00fcmleri \u0130stenen frekansta yay\u0131n yapabilen antenler 4.Uydu uygulamalar\u0131nda waveguide tabanl\u0131 \u00e7\u00f6z\u00fcmler 5.\u0130leri Teknoloji vacuum [&hellip;]<\/p>\n","protected":false},"author":1,"featured_media":0,"parent":0,"menu_order":0,"comment_status":"closed","ping_status":"closed","template":"","meta":{"footnotes":""},"class_list":["post-37","page","type-page","status-publish","hentry"],"_links":{"self":[{"href":"https:\/\/www.prfarge.com.tr\/tr\/wp-json\/wp\/v2\/pages\/37"}],"collection":[{"href":"https:\/\/www.prfarge.com.tr\/tr\/wp-json\/wp\/v2\/pages"}],"about":[{"href":"https:\/\/www.prfarge.com.tr\/tr\/wp-json\/wp\/v2\/types\/page"}],"author":[{"embeddable":true,"href":"https:\/\/www.prfarge.com.tr\/tr\/wp-json\/wp\/v2\/users\/1"}],"replies":[{"embeddable":true,"href":"https:\/\/www.prfarge.com.tr\/tr\/wp-json\/wp\/v2\/comments?post=37"}],"version-history":[{"count":9,"href":"https:\/\/www.prfarge.com.tr\/tr\/wp-json\/wp\/v2\/pages\/37\/revisions"}],"predecessor-version":[{"id":47,"href":"https:\/\/www.prfarge.com.tr\/tr\/wp-json\/wp\/v2\/pages\/37\/revisions\/47"}],"wp:attachment":[{"href":"https:\/\/www.prfarge.com.tr\/tr\/wp-json\/wp\/v2\/media?parent=37"}],"curies":[{"name":"wp","href":"https:\/\/api.w.org\/{rel}","templated":true}]}}